{"id":3,"date":"2024-05-15T16:08:57","date_gmt":"2024-05-15T13:08:57","guid":{"rendered":"https:\/\/mileniabusiness.com\/?page_id=3"},"modified":"2024-05-18T22:53:22","modified_gmt":"2024-05-18T19:53:22","slug":"privacy-policy","status":"publish","type":"page","link":"https:\/\/mileniabusiness.com\/en\/privacy-policy\/","title":{"rendered":"Privacy Policy"},"content":{"rendered":"<div data-elementor-type=\"wp-page\" data-elementor-id=\"3\" class=\"elementor elementor-3\" data-elementor-post-type=\"page\">\n\t\t\t\t<div class=\"elementor-element elementor-element-448c3d2 e-flex e-con-boxed e-con e-parent\" data-id=\"448c3d2\" data-element_type=\"container\" data-e-type=\"container\">\n\t\t\t\t\t<div class=\"e-con-inner\">\n\t\t\t\t<div class=\"elementor-element elementor-element-07d7fe9 elementor-widget elementor-widget-heading\" data-id=\"07d7fe9\" data-element_type=\"widget\" data-e-type=\"widget\" data-widget_type=\"heading.default\">\n\t\t\t\t<div class=\"elementor-widget-container\">\n\t\t\t\t\t<h1 class=\"elementor-heading-title elementor-size-default\">PROCESSING POLICY<br> PERSONAL DATA<\/h1>\t\t\t\t<\/div>\n\t\t\t\t<\/div>\n\t\t\t\t<div class=\"elementor-element elementor-element-31fb2da elementor-widget elementor-widget-text-editor\" data-id=\"31fb2da\" data-element_type=\"widget\" data-e-type=\"widget\" data-widget_type=\"text-editor.default\">\n\t\t\t\t<div class=\"elementor-widget-container\">\n\t\t\t\t\t\t\t\t\t<h2><span style=\"font-weight: 400;\">1. General Provisions<\/span><\/h2><p><span style=\"font-weight: 400;\">1.1 <\/span><b><i>M\u0130LEN\u0130A GROUP ORGAN\u0130ZASYON DANI\u015eMANLIK L\u0130M\u0130TED \u015e\u0130RKET\u0130\u00a0<br \/><\/i><\/b><span style=\"font-weight: 400;\">(hereinafter referred to as the Company) places respect for the rights and freedoms of citizens as one of the most important conditions for carrying out its activities.<\/span><\/p><p><span style=\"font-weight: 400;\">1.2 The Company\u2019s policy regarding the processing of personal data (hereinafter referred to as the Policy) applies to all information that the Company may receive about website visitors <\/span><b><i>mileniabusiness.com.<\/i><\/b><span style=\"font-weight: 400;\"> Personal data is processed in accordance with the Federal Law \u201cOn Personal Data\u201d No. 152-FZ.\u00a0<\/span><\/p><h2><span style=\"font-weight: 400;\">2. Basic concepts used in the Policy:<\/span><\/h2><p><span style=\"font-weight: 400;\">2.1 Website - a collection of graphic and information materials, as well as computer programs and databases that ensure their availability on the Internet at a network address <\/span><b><i>mileniabusiness.com<\/i><\/b><span style=\"font-weight: 400;\">;<\/span><\/p><p><span style=\"font-weight: 400;\">2.2 User \u2013 any visitor to the website <\/span><b><i>mileniabusiness.com<\/i><\/b><span style=\"font-weight: 400;\">;<\/span><\/p><p><span style=\"font-weight: 400;\">2.3 Personal data \u2013 any information relating to the Website User <\/span><b><i>mileniabusiness.com<\/i><\/b><span style=\"font-weight: 400;\">;<\/span><\/p><p><span style=\"font-weight: 400;\">2.4 Processing of personal data - any action with personal data performed using a computer, as well as without their use;<\/span><\/p><p><span style=\"font-weight: 400;\">2.5 Depersonalization of personal data \u2013 actions that result in the impossibility of determining the ownership of personal data to a specific User or person without the use of additional information;<\/span><\/p><p><span style=\"font-weight: 400;\">2.6 Distribution of personal data \u2013 any actions that result in the disclosure of personal data to an indefinite number of persons;<\/span><\/p><p><span style=\"font-weight: 400;\">2.7 Providing personal data \u2013 any actions that result in the disclosure of personal data to a certain circle of persons;<\/span><\/p><p><span style=\"font-weight: 400;\">2.8 Destruction of personal data \u2013 any actions that result in the irreversible destruction of personal data on a computer or any other media.\u00a0<\/span><\/p><h2><span style=\"font-weight: 400;\">3. The operator may process the following personal data:<\/span><\/h2><p><span style=\"font-weight: 400;\">3.1 User&#039;s email address<\/span><\/p><p><span style=\"font-weight: 400;\">3.2 User&#039;s phone number<\/span><\/p><p><span style=\"font-weight: 400;\">3.3. Last name, first name of the User<\/span><\/p><p><span style=\"font-weight: 400;\">3.4. The site also collects and processes anonymized data about visitors (including cookies) using Internet statistics services (Yandex Metrica and Google Analytics and others).\u00a0<\/span><\/p><h2><span style=\"font-weight: 400;\">4. Purposes of processing personal data<\/span><\/h2><p><span style=\"font-weight: 400;\">4.1 The purpose of processing the User\u2019s email address, phone number, last name, first name, patronymic is to clarify the details of the order.<\/span> <span style=\"font-weight: 400;\">Also Company<\/span><span style=\"font-weight: 400;\"> has the right to send the User notifications about new products and services, special offers and various events. The user can always refuse to receive information messages by sending the Company a letter to<\/span> <a href=\"mailto:business@mileniagroup.com.tr\"><b>business@mileniagroup.com.tr<\/b><\/a><b>\u00a0<\/b><\/p><p><span style=\"font-weight: 400;\">4.2 Anonymized data of Users, collected using Internet statistics services, is used to collect information about the actions of Users on the site, improve the quality of the site and its content.<\/span><\/p><h2><span style=\"font-weight: 400;\">5. Legal grounds for processing personal data<\/span><\/h2><p><span style=\"font-weight: 400;\">5.1 The Company processes the User\u2019s personal data only if it is sent by the User through the forms located on the website <\/span><b><i>mileniabusiness.com.<\/i><\/b><span style=\"font-weight: 400;\"> By sending his personal data to the Operator, the User expresses his consent to this Policy.<\/span><\/p><p><span style=\"font-weight: 400;\">5.2 The Company processes anonymized data about the User if this is permitted in the User\u2019s browser settings (saving cookies and using JavaScript technology are enabled).<\/span><b>\u00a0<\/b><\/p><h2><span style=\"font-weight: 400;\">6. The procedure for collecting, storing, transferring and other types of processing of personal data<\/span><\/h2><p><span style=\"font-weight: 400;\">6.1 The company ensures the safety of personal data and takes all possible measures to prevent access to personal data by unauthorized persons.<\/span><\/p><p><span style=\"font-weight: 400;\">6.2 The User\u2019s personal data will never, under any circumstances, be transferred to third parties, except in cases related to the implementation of current legislation.<\/span><\/p><p><span style=\"font-weight: 400;\">6.3. If inaccuracies in personal data are identified, the User can update them by sending the Company a notification via email to the Company&#039;s email address <\/span><a href=\"mailto:business@mileniagroup.com.tr\"><span style=\"font-weight: 400;\">business@mileniagroup.com.tr<\/span><\/a><\/p><p><span style=\"font-weight: 400;\">6.3 The period for processing personal data is unlimited. The user may at any time withdraw his consent to the processing of personal data by sending a notification to the Company via email to the Company&#039;s email address <\/span><a href=\"mailto:business@mileniagroup.com.tr\"><span style=\"font-weight: 400;\">business@mileniagroup.com.tr<\/span><\/a><span style=\"font-weight: 400;\">, marked \u201cWithdrawal of consent to the processing of personal data.\u201d\u00a0<\/span><\/p><h2><span style=\"font-weight: 400;\">7. Final provisions<\/span><\/h2><p><span style=\"font-weight: 400;\">7.1. The user can receive any clarification on issues of interest regarding the processing of his personal data by contacting the Company via email <\/span><a href=\"mailto:business@mileniagroup.com.tr\"><span style=\"font-weight: 400;\">business@mileniagroup.com.tr<\/span><\/a><span style=\"font-weight: 400;\">,\u00a0<\/span><\/p><p><span style=\"font-weight: 400;\">7.2. This document will reflect any changes to the Company\u2019s personal data processing policy. In case of significant changes, the User may be sent information to the email address specified by him.<\/span><\/p>\t\t\t\t\t\t\t\t<\/div>\n\t\t\t\t<\/div>\n\t\t\t\t<div class=\"elementor-element elementor-element-a294a3d elementor-widget elementor-widget-text-editor\" data-id=\"a294a3d\" data-element_type=\"widget\" data-e-type=\"widget\" data-no-translation=\"\" data-widget_type=\"text-editor.default\">\n\t\t\t\t<div class=\"elementor-widget-container\">\n\t\t\t\t\t<style>.elementor-element-a294a3d{display:none !important}<\/style>\t\t\t\t<\/div>\n\t\t\t\t<\/div>\n\t\t\t\t\t<\/div>\n\t\t\t\t<\/div>\n\t\t\t\t<\/div>","protected":false},"excerpt":{"rendered":"<p>\u041f\u041e\u041b\u0418\u0422\u0418\u041a\u0410 \u041e\u0411\u0420\u0410\u0411\u041e\u0422\u041a\u0418 \u041f\u0415\u0420\u0421\u041e\u041d\u0410\u041b\u042c\u041d\u042b\u0425 \u0414\u0410\u041d\u041d\u042b\u0425 1. \u041e\u0431\u0449\u0438\u0435 \u043f\u043e\u043b\u043e\u0436\u0435\u043d\u0438\u044f 1.1 M\u0130LEN\u0130A GROUP ORGAN\u0130ZASYON DANI\u015eMANLIK L\u0130M\u0130TED \u015e\u0130RKET\u0130\u00a0(\u0434\u0430\u043b\u0435\u0435 \u043f\u043e \u0442\u0435\u043a\u0441\u0442\u0443 \u2013\u041a\u043e\u043c\u043f\u0430\u043d\u0438\u044f) \u0441\u0442\u0430\u0432\u0438\u0442 \u0441\u043e\u0431\u043b\u044e\u0434\u0435\u043d\u0438\u0435 \u043f\u0440\u0430\u0432 \u0438 \u0441\u0432\u043e\u0431\u043e\u0434 \u0433\u0440\u0430\u0436\u0434\u0430\u043d \u043e\u0434\u043d\u0438\u043c \u0438\u0437 \u0432\u0430\u0436\u043d\u0435\u0439\u0448\u0438\u0445 \u0443\u0441\u043b\u043e\u0432\u0438\u0439 \u043e\u0441\u0443\u0449\u0435\u0441\u0442\u0432\u043b\u0435\u043d\u0438\u044f \u0441\u0432\u043e\u0435\u0439 \u0434\u0435\u044f\u0442\u0435\u043b\u044c\u043d\u043e\u0441\u0442\u0438. [&hellip;]<\/p>","protected":false},"author":1,"featured_media":0,"parent":0,"menu_order":0,"comment_status":"closed","ping_status":"open","template":"","meta":{"_seopress_robots_primary_cat":"","_seopress_titles_title":"","_seopress_titles_desc":"","_seopress_robots_index":"","footnotes":""},"class_list":["post-3","page","type-page","status-publish","hentry"],"_links":{"self":[{"href":"https:\/\/mileniabusiness.com\/en\/wp-json\/wp\/v2\/pages\/3","targetHints":{"allow":["GET"]}}],"collection":[{"href":"https:\/\/mileniabusiness.com\/en\/wp-json\/wp\/v2\/pages"}],"about":[{"href":"https:\/\/mileniabusiness.com\/en\/wp-json\/wp\/v2\/types\/page"}],"author":[{"embeddable":true,"href":"https:\/\/mileniabusiness.com\/en\/wp-json\/wp\/v2\/users\/1"}],"replies":[{"embeddable":true,"href":"https:\/\/mileniabusiness.com\/en\/wp-json\/wp\/v2\/comments?post=3"}],"version-history":[{"count":3,"href":"https:\/\/mileniabusiness.com\/en\/wp-json\/wp\/v2\/pages\/3\/revisions"}],"predecessor-version":[{"id":409,"href":"https:\/\/mileniabusiness.com\/en\/wp-json\/wp\/v2\/pages\/3\/revisions\/409"}],"wp:attachment":[{"href":"https:\/\/mileniabusiness.com\/en\/wp-json\/wp\/v2\/media?parent=3"}],"curies":[{"name":"wp","href":"https:\/\/api.w.org\/{rel}","templated":true}]}}